{"id":813,"date":"2018-12-06T10:29:57","date_gmt":"2018-12-06T10:29:57","guid":{"rendered":"https:\/\/www.poolenutrecht.nl\/?page_id=813"},"modified":"2025-01-23T15:55:04","modified_gmt":"2025-01-23T13:55:04","slug":"vacature-barman-barvrouw","status":"publish","type":"page","link":"https:\/\/www.poolenutrecht.nl\/en\/vacature-barman-barvrouw\/","title":{"rendered":"Vacature barman\/barvrouw"},"content":{"rendered":"<p>[vc_row row_type=&#8221;row&#8221; use_row_as_full_screen_section=&#8221;no&#8221; type=&#8221;grid&#8221; text_align=&#8221;left&#8221; background_animation=&#8221;none&#8221; css_animation=&#8221;&#8221;][vc_column css=&#8221;.vc_custom_1559071667547{padding-bottom: 5% !important;}&#8221;][vc_empty_space height=&#8221;30px&#8221; el_class=&#8221;mobileonly&#8221;][vc_single_image image=&#8221;30&#8243; img_size=&#8221;1200&#215;300&#8243; add_caption=&#8221;yes&#8221; qode_css_animation=&#8221;&#8221;][vc_empty_space height=&#8221;30px&#8221;][vc_row_inner row_type=&#8221;row&#8221; type=&#8221;full_width&#8221; use_row_as_full_screen_section_slide=&#8221;no&#8221; text_align=&#8221;left&#8221; css_animation=&#8221;&#8221;][vc_column_inner width=&#8221;1\/2&#8243; offset=&#8221;vc_col-lg-6&#8243;][vc_column_text]<\/p>\n<h3>Word jij onze nieuwe barman of barvrouw?<\/h3>\n<p>[\/vc_column_text][vc_separator type=&#8221;small&#8221; position=&#8221;left&#8221; border_style=&#8221;solid&#8221; thickness=&#8221;2&#8243; color=&#8221;#000000&#8243;][vc_empty_space height=&#8221;30px&#8221;][vc_column_text]Poolcaf\u00e9 Hart Van Utrecht is op zoek naar versterking! Ben jij een enthousiaste, gastvrije barman\/barvrouw die toe is aan een nieuwe uitdaging in de horeca? Word je enthousiast van de gedachte om te werken op een van de tofste locaties midden in Utrecht? Dan zijn wij op zoek naar jou!<\/p>\n<p>[\/vc_column_text][vc_empty_space height=&#8221;10px&#8221;][vc_column_text]<strong>Wie zijn wij?\u00a0<\/strong><\/p>\n<p>Poolcaf\u00e9 Hart van Utrecht is inmiddels ruim 27 jaar een begrip midden in het centrum van Utrecht. Het caf\u00e9 is 7 dagen per week geopend en beschikt over professionele pooltafels, pokertafels en een grand caf\u00e9 gedeelte met een ruim aanbod aan dranken en hapjes. We bieden diverse arrangementen aan voor een gezellig avondje uit met vrienden, collega&#8217;s en familie.[\/vc_column_text][vc_empty_space height=&#8221;30px&#8221;][vc_column_text]<strong>Wie zoeken we:<\/strong><\/p>\n<ul>\n<li>Je hebt horecaervaring of bent bereid om dit te leren.<\/li>\n<li>Je hebt kennis van dranken\/cocktails.<\/li>\n<li>Je bent enthousiast, gastvrij en sociaal.<\/li>\n<li>Je vindt het leuk om zowel zelfstandig als in teamverband te werken.<\/li>\n<li>Je bent minimaal 8 uur per week beschikbaar.<\/li>\n<\/ul>\n<p>[\/vc_column_text][vc_empty_space height=&#8221;10px&#8221;][vc_column_text]<strong>Wat bieden we:<\/strong><\/p>\n<ul>\n<li>Een team met enthousiaste en gezellige collega&#8217;s.<\/li>\n<li>Flexibele werktijden.<\/li>\n<li>Een werkplek midden in hartje Utrecht.<\/li>\n<li>Gezellige teamuitjes en borrels na werktijd.<\/li>\n<li>Marktconform salaris volgens de horeca cao.<\/li>\n<\/ul>\n<p>[\/vc_column_text][vc_empty_space height=&#8221;30px&#8221;][vc_column_text]Word jij enthousiast van deze vacature? En denk jij de juiste aanvulling te zijn op ons team? Mail dan je motivatie en CV naar: info@poolenutrecht.nl of vul het sollicitatieformulier in![\/vc_column_text][vc_empty_space el_class=&#8221;mobileonly&#8221;][\/vc_column_inner][vc_column_inner width=&#8221;1\/2&#8243; offset=&#8221;vc_col-lg-6&#8243;][vc_column_text]<\/p>\n<h3>Solliciteren? Vul het formulier in!<\/h3>\n<p>[\/vc_column_text][vc_separator type=&#8221;small&#8221; position=&#8221;left&#8221; border_style=&#8221;solid&#8221; thickness=&#8221;2&#8243; color=&#8221;#000000&#8243;]\n<div class=\"wpcf7 no-js\" id=\"wpcf7-f812-o1\" lang=\"nl-NL\" dir=\"ltr\" data-wpcf7-id=\"812\">\n<div class=\"screen-reader-response\"><p role=\"status\" aria-live=\"polite\" aria-atomic=\"true\"><\/p> <ul><\/ul><\/div>\n<form action=\"\/en\/wp-json\/wp\/v2\/pages\/813#wpcf7-f812-o1\" method=\"post\" class=\"wpcf7-form init default\" aria-label=\"Contactformulier\" enctype=\"multipart\/form-data\" novalidate=\"novalidate\" data-status=\"init\">\n<fieldset class=\"hidden-fields-container\"><input type=\"hidden\" name=\"_wpcf7\" value=\"812\" \/><input type=\"hidden\" name=\"_wpcf7_version\" value=\"6.1.3\" \/><input type=\"hidden\" name=\"_wpcf7_locale\" value=\"nl_NL\" \/><input type=\"hidden\" name=\"_wpcf7_unit_tag\" value=\"wpcf7-f812-o1\" \/><input type=\"hidden\" name=\"_wpcf7_container_post\" value=\"0\" \/><input type=\"hidden\" name=\"_wpcf7_posted_data_hash\" value=\"\" \/><input type=\"hidden\" name=\"_wpcf7_recaptcha_response\" value=\"\" \/>\n<\/fieldset>\n<p>Je naam (verplicht)\n<\/p>\n<p><span class=\"wpcf7-form-control-wrap\" data-name=\"your-name\"><input size=\"40\" maxlength=\"400\" class=\"wpcf7-form-control wpcf7-text wpcf7-validates-as-required\" aria-required=\"true\" aria-invalid=\"false\" value=\"\" type=\"text\" name=\"your-name\" \/><\/span>\n<\/p>\n<p>Je e-mail (verplicht)\n<\/p>\n<p><span class=\"wpcf7-form-control-wrap\" data-name=\"your-email\"><input size=\"40\" maxlength=\"400\" class=\"wpcf7-form-control wpcf7-email wpcf7-validates-as-required wpcf7-text wpcf7-validates-as-email\" aria-required=\"true\" aria-invalid=\"false\" value=\"\" type=\"email\" name=\"your-email\" \/><\/span>\n<\/p>\n<p>Je adres (verplicht)\n<\/p>\n<p><span class=\"wpcf7-form-control-wrap\" data-name=\"your-address\"><input size=\"40\" maxlength=\"400\" class=\"wpcf7-form-control wpcf7-text wpcf7-validates-as-required\" aria-required=\"true\" aria-invalid=\"false\" value=\"\" type=\"text\" name=\"your-address\" \/><\/span>\n<\/p>\n<p>Telefoonnummer (verplicht)\n<\/p>\n<p><span class=\"wpcf7-form-control-wrap\" data-name=\"telefoon\"><input size=\"40\" maxlength=\"400\" class=\"wpcf7-form-control wpcf7-tel wpcf7-validates-as-required wpcf7-text wpcf7-validates-as-tel\" aria-required=\"true\" aria-invalid=\"false\" placeholder=\"bijv. 0612345678\" value=\"\" type=\"tel\" name=\"telefoon\" \/><\/span>\n<\/p>\n<p>Geboortedatum (verplicht)\n<\/p>\n<p><span class=\"wpcf7-form-control-wrap\" data-name=\"datum\"><input class=\"wpcf7-form-control wpcf7-date wpcf7-validates-as-required wpcf7-validates-as-date\" aria-required=\"true\" aria-invalid=\"false\" placeholder=\"bijv. 03-08-1998\" value=\"\" type=\"date\" name=\"datum\" \/><\/span>\n<\/p>\n<p>Hoeveel uur per week wil je werken?\n<\/p>\n<p><span class=\"wpcf7-form-control-wrap\" data-name=\"getal\"><input size=\"40\" maxlength=\"400\" class=\"wpcf7-form-control wpcf7-text wpcf7-validates-as-required\" aria-required=\"true\" aria-invalid=\"false\" placeholder=\"bijv. 16\" value=\"\" type=\"text\" name=\"getal\" \/><\/span>\n<\/p>\n<p>Motivatie (verplicht)\n<\/p>\n<p><span class=\"wpcf7-form-control-wrap\" data-name=\"your-message\"><textarea cols=\"40\" rows=\"10\" maxlength=\"2000\" class=\"wpcf7-form-control wpcf7-textarea\" aria-invalid=\"false\" name=\"your-message\"><\/textarea><\/span>\n<\/p>\n<p>CV (verplicht)\n<\/p>\n<p><span class=\"wpcf7-form-control-wrap\" data-name=\"bestand\"><input size=\"40\" class=\"wpcf7-form-control wpcf7-file wpcf7-validates-as-required\" accept=\".pdf,.doc,.docx,.odt,.rtf,.txt\" aria-required=\"true\" aria-invalid=\"false\" type=\"file\" name=\"bestand\" \/><\/span>\n<\/p>\n<p><span id=\"wpcf7-69e49fc0d3e48-wrapper\" class=\"wpcf7-form-control-wrap email-wrap\" style=\"display:none !important; visibility:hidden !important;\"><label for=\"wpcf7-69e49fc0d3e48-field\" class=\"hp-message\">Gelieve dit veld leeg te laten.<\/label><input id=\"wpcf7-69e49fc0d3e48-field\"  class=\"wpcf7-form-control wpcf7-text\" type=\"text\" name=\"email\" value=\"\" size=\"40\" tabindex=\"-1\" autocomplete=\"new-password\" \/><\/span>\n<\/p>\n<p><input class=\"wpcf7-form-control wpcf7-submit has-spinner\" type=\"submit\" value=\"Verzenden\" \/>\n<\/p><div class=\"wpcf7-response-output\" aria-hidden=\"true\"><\/div>\n<\/form>\n<\/div>\n[vc_empty_space height=&#8221;30px&#8221;][\/vc_column_inner][\/vc_row_inner][\/vc_column][\/vc_row][vc_row row_type=&#8221;row&#8221; use_row_as_full_screen_section=&#8221;no&#8221; type=&#8221;full_width&#8221; text_align=&#8221;left&#8221; background_animation=&#8221;none&#8221; css_animation=&#8221;&#8221;][vc_column][\/vc_column][\/vc_row]<\/p>\n","protected":false},"excerpt":{"rendered":"<p>[vc_row row_type=&#8221;row&#8221; use_row_as_full_screen_section=&#8221;no&#8221; type=&#8221;grid&#8221; text_align=&#8221;left&#8221; background_animation=&#8221;none&#8221; css_animation=&#8221;&#8221;][vc_column css=&#8221;.vc_custom_1559071667547{padding-bottom: 5% !important;}&#8221;][vc_empty_space height=&#8221;30px&#8221; el_class=&#8221;mobileonly&#8221;][vc_single_image image=&#8221;30&#8243; img_size=&#8221;1200&#215;300&#8243; add_caption=&#8221;yes&#8221; qode_css_animation=&#8221;&#8221;][vc_empty_space height=&#8221;30px&#8221;][vc_row_inner row_type=&#8221;row&#8221; type=&#8221;full_width&#8221; use_row_as_full_screen_section_slide=&#8221;no&#8221; text_align=&#8221;left&#8221; css_animation=&#8221;&#8221;][vc_column_inner width=&#8221;1\/2&#8243; offset=&#8221;vc_col-lg-6&#8243;][vc_column_text] Word jij onze nieuwe barman of barvrouw? [\/vc_column_text][vc_separator type=&#8221;small&#8221; position=&#8221;left&#8221; border_style=&#8221;solid&#8221; thickness=&#8221;2&#8243; color=&#8221;#000000&#8243;][vc_empty_space height=&#8221;30px&#8221;][vc_column_text]Poolcaf\u00e9 Hart Van Utrecht is op zoek naar&#8230;<\/p>\n","protected":false},"author":5,"featured_media":0,"parent":0,"menu_order":0,"comment_status":"closed","ping_status":"closed","template":"full_width.php","meta":{"footnotes":""},"class_list":["post-813","page","type-page","status-publish","hentry"],"yoast_head":"<!-- This site is optimized with the Yoast SEO plugin v26.3 - https:\/\/yoast.com\/wordpress\/plugins\/seo\/ -->\n<title>Vacature barman\/barvrouw - Poolcaf&eacute; Hart van Utrecht<\/title>\n<meta name=\"description\" content=\"Poolcaf\u00e9 Hart van Utrecht is op zoek naar een gezellige barman\/barvrouw! Kom ons team versterken in het gezelligste caf\u00e9 van Utrecht!\" \/>\n<meta name=\"robots\" content=\"index, follow, max-snippet:-1, max-image-preview:large, max-video-preview:-1\" \/>\n<link rel=\"canonical\" href=\"https:\/\/www.poolenutrecht.nl\/vacature-barman-barvrouw\/\" \/>\n<meta property=\"og:locale\" content=\"en_US\" \/>\n<meta property=\"og:type\" content=\"article\" \/>\n<meta property=\"og:title\" content=\"Vacature barman\/barvrouw - Poolcaf&eacute; Hart van Utrecht\" \/>\n<meta property=\"og:description\" content=\"Poolcaf\u00e9 Hart van Utrecht is op zoek naar een gezellige barman\/barvrouw! Kom ons team versterken in het gezelligste caf\u00e9 van Utrecht!\" \/>\n<meta property=\"og:url\" content=\"https:\/\/www.poolenutrecht.nl\/vacature-barman-barvrouw\/\" \/>\n<meta property=\"og:site_name\" content=\"Poolcaf&eacute; Hart van Utrecht\" \/>\n<meta property=\"article:modified_time\" content=\"2025-01-23T13:55:04+00:00\" \/>\n<meta name=\"twitter:card\" content=\"summary_large_image\" \/>\n<meta name=\"twitter:label1\" content=\"Est. reading time\" \/>\n\t<meta name=\"twitter:data1\" content=\"2 minutes\" \/>\n<script type=\"application\/ld+json\" class=\"yoast-schema-graph\">{\"@context\":\"https:\/\/schema.org\",\"@graph\":[{\"@type\":\"WebPage\",\"@id\":\"https:\/\/www.poolenutrecht.nl\/vacature-barman-barvrouw\/\",\"url\":\"https:\/\/www.poolenutrecht.nl\/vacature-barman-barvrouw\/\",\"name\":\"Vacature barman\/barvrouw - Poolcaf&eacute; Hart van Utrecht\",\"isPartOf\":{\"@id\":\"https:\/\/www.poolenutrecht.nl\/#website\"},\"datePublished\":\"2018-12-06T10:29:57+00:00\",\"dateModified\":\"2025-01-23T13:55:04+00:00\",\"description\":\"Poolcaf\u00e9 Hart van Utrecht is op zoek naar een gezellige barman\/barvrouw! Kom ons team versterken in het gezelligste caf\u00e9 van Utrecht!\",\"breadcrumb\":{\"@id\":\"https:\/\/www.poolenutrecht.nl\/vacature-barman-barvrouw\/#breadcrumb\"},\"inLanguage\":\"en-US\",\"potentialAction\":[{\"@type\":\"ReadAction\",\"target\":[\"https:\/\/www.poolenutrecht.nl\/vacature-barman-barvrouw\/\"]}]},{\"@type\":\"BreadcrumbList\",\"@id\":\"https:\/\/www.poolenutrecht.nl\/vacature-barman-barvrouw\/#breadcrumb\",\"itemListElement\":[{\"@type\":\"ListItem\",\"position\":1,\"name\":\"Home\",\"item\":\"https:\/\/www.poolenutrecht.nl\/\"},{\"@type\":\"ListItem\",\"position\":2,\"name\":\"Vacature barman\/barvrouw\"}]},{\"@type\":\"WebSite\",\"@id\":\"https:\/\/www.poolenutrecht.nl\/#website\",\"url\":\"https:\/\/www.poolenutrecht.nl\/\",\"name\":\"Poolcaf&eacute; Hart van Utrecht\",\"description\":\"Poolcentrum Utrecht\",\"potentialAction\":[{\"@type\":\"SearchAction\",\"target\":{\"@type\":\"EntryPoint\",\"urlTemplate\":\"https:\/\/www.poolenutrecht.nl\/?s={search_term_string}\"},\"query-input\":{\"@type\":\"PropertyValueSpecification\",\"valueRequired\":true,\"valueName\":\"search_term_string\"}}],\"inLanguage\":\"en-US\"}]}<\/script>\n<!-- \/ Yoast SEO plugin. -->","yoast_head_json":{"title":"Vacature barman\/barvrouw - Poolcaf&eacute; Hart van Utrecht","description":"Poolcaf\u00e9 Hart van Utrecht is op zoek naar een gezellige barman\/barvrouw! Kom ons team versterken in het gezelligste caf\u00e9 van Utrecht!","robots":{"index":"index","follow":"follow","max-snippet":"max-snippet:-1","max-image-preview":"max-image-preview:large","max-video-preview":"max-video-preview:-1"},"canonical":"https:\/\/www.poolenutrecht.nl\/vacature-barman-barvrouw\/","og_locale":"en_US","og_type":"article","og_title":"Vacature barman\/barvrouw - Poolcaf&eacute; Hart van Utrecht","og_description":"Poolcaf\u00e9 Hart van Utrecht is op zoek naar een gezellige barman\/barvrouw! Kom ons team versterken in het gezelligste caf\u00e9 van Utrecht!","og_url":"https:\/\/www.poolenutrecht.nl\/vacature-barman-barvrouw\/","og_site_name":"Poolcaf&eacute; Hart van Utrecht","article_modified_time":"2025-01-23T13:55:04+00:00","twitter_card":"summary_large_image","twitter_misc":{"Est. reading time":"2 minutes"},"schema":{"@context":"https:\/\/schema.org","@graph":[{"@type":"WebPage","@id":"https:\/\/www.poolenutrecht.nl\/vacature-barman-barvrouw\/","url":"https:\/\/www.poolenutrecht.nl\/vacature-barman-barvrouw\/","name":"Vacature barman\/barvrouw - Poolcaf&eacute; Hart van Utrecht","isPartOf":{"@id":"https:\/\/www.poolenutrecht.nl\/#website"},"datePublished":"2018-12-06T10:29:57+00:00","dateModified":"2025-01-23T13:55:04+00:00","description":"Poolcaf\u00e9 Hart van Utrecht is op zoek naar een gezellige barman\/barvrouw! Kom ons team versterken in het gezelligste caf\u00e9 van Utrecht!","breadcrumb":{"@id":"https:\/\/www.poolenutrecht.nl\/vacature-barman-barvrouw\/#breadcrumb"},"inLanguage":"en-US","potentialAction":[{"@type":"ReadAction","target":["https:\/\/www.poolenutrecht.nl\/vacature-barman-barvrouw\/"]}]},{"@type":"BreadcrumbList","@id":"https:\/\/www.poolenutrecht.nl\/vacature-barman-barvrouw\/#breadcrumb","itemListElement":[{"@type":"ListItem","position":1,"name":"Home","item":"https:\/\/www.poolenutrecht.nl\/"},{"@type":"ListItem","position":2,"name":"Vacature barman\/barvrouw"}]},{"@type":"WebSite","@id":"https:\/\/www.poolenutrecht.nl\/#website","url":"https:\/\/www.poolenutrecht.nl\/","name":"Poolcaf&eacute; Hart van Utrecht","description":"Poolcentrum Utrecht","potentialAction":[{"@type":"SearchAction","target":{"@type":"EntryPoint","urlTemplate":"https:\/\/www.poolenutrecht.nl\/?s={search_term_string}"},"query-input":{"@type":"PropertyValueSpecification","valueRequired":true,"valueName":"search_term_string"}}],"inLanguage":"en-US"}]}},"post_mailing_queue_ids":[],"_links":{"self":[{"href":"https:\/\/www.poolenutrecht.nl\/en\/wp-json\/wp\/v2\/pages\/813","targetHints":{"allow":["GET"]}}],"collection":[{"href":"https:\/\/www.poolenutrecht.nl\/en\/wp-json\/wp\/v2\/pages"}],"about":[{"href":"https:\/\/www.poolenutrecht.nl\/en\/wp-json\/wp\/v2\/types\/page"}],"author":[{"embeddable":true,"href":"https:\/\/www.poolenutrecht.nl\/en\/wp-json\/wp\/v2\/users\/5"}],"replies":[{"embeddable":true,"href":"https:\/\/www.poolenutrecht.nl\/en\/wp-json\/wp\/v2\/comments?post=813"}],"version-history":[{"count":14,"href":"https:\/\/www.poolenutrecht.nl\/en\/wp-json\/wp\/v2\/pages\/813\/revisions"}],"predecessor-version":[{"id":2575,"href":"https:\/\/www.poolenutrecht.nl\/en\/wp-json\/wp\/v2\/pages\/813\/revisions\/2575"}],"wp:attachment":[{"href":"https:\/\/www.poolenutrecht.nl\/en\/wp-json\/wp\/v2\/media?parent=813"}],"curies":[{"name":"wp","href":"https:\/\/api.w.org\/{rel}","templated":true}]}}