{"id":2586,"date":"2025-02-26T05:45:42","date_gmt":"2025-02-26T03:45:42","guid":{"rendered":"https:\/\/www.poolenutrecht.nl\/?page_id=2586"},"modified":"2025-02-26T05:46:42","modified_gmt":"2025-02-26T03:46:42","slug":"verschil-poolen-en-biljarten","status":"publish","type":"page","link":"https:\/\/www.poolenutrecht.nl\/en\/verschil-poolen-en-biljarten\/","title":{"rendered":"(Nederlands) Verschil tussen poolen en biljart"},"content":{"rendered":"<p class=\"qtranxs-available-languages-message qtranxs-available-languages-message-en\">Sorry, this entry is only available in <a href=\"https:\/\/www.poolenutrecht.nl\/nl\/wp-json\/wp\/v2\/pages\/2586\" class=\"qtranxs-available-language-link qtranxs-available-language-link-nl\" title=\"Nederlands\">Nederlands<\/a>.<\/p>\n<p>[vc_row row_type=&#8221;row&#8221; use_row_as_full_screen_section=&#8221;yes&#8221; type=&#8221;grid&#8221; text_align=&#8221;left&#8221; css_animation=&#8221;&#8221;][vc_column css=&#8221;.vc_custom_1473859977054{padding-top: 10% !important; padding-bottom: 5% !important;}&#8221;][vc_column_text]<\/p>\n<h1><span style=\"font-weight: 400;\">Het verschil tussen poolen en biljart<\/span><\/h1>\n<p><span style=\"font-weight: 400;\">Veel mensen verwarren poolen en biljart, maar wist je dat het eigenlijk twee totaal verschillende spellen zijn? Het grootste verschil zit in de tafel en de manier waarop je speelt: bij biljart draait alles om precisie en caramboles, terwijl poolen gaat om ballen in de pockets potten.\u00a0<\/span><\/p>\n<p>&nbsp;<\/p>\n<p><span style=\"font-weight: 400;\">In dit artikel leggen we de verschillen helder uit, zodat je precies weet wat je kunt verwachten als je een keertje gaat spelen.<\/span><\/p>\n<p>[\/vc_column_text][vc_separator type=&#8221;small&#8221; position=&#8221;left&#8221; color=&#8221;#000000&#8243; border_style=&#8221;solid&#8221; thickness=&#8221;2&#8243;]<\/p>\n<h2><span style=\"font-weight: 400;\">Wat is biljart?<\/span><\/h2>\n<p><span style=\"font-weight: 400;\">Biljart is een verzamelnaam voor verschillende spellen die op een speciale tafel zonder pockets (zakken) gespeeld worden. De meest bekende vorm in Nederland is carambolebiljart. Hierin speel je met drie ballen: twee witte en \u00e9\u00e9n rode. Het doel is om met jouw speelbal de andere twee ballen te raken in \u00e9\u00e9n stoot, een zogenaamde &#8216;carambole&#8217;.<\/span><\/p>\n<p><span style=\"font-weight: 400;\">Omdat er geen pockets zijn, draait biljart volledig om controle, precisie en effect op de bal. Naast carambolebiljart bestaan er ook andere varianten, zoals driebanden en snooker, die elk hun eigen spelregels hebben.<\/span><\/p>\n<h2><span style=\"font-weight: 400;\">Wat is poolen?<\/span><\/h2>\n<p><span style=\"font-weight: 400;\">Poolen is een toegankelijker en dynamischer spel dan biljart, vooral populair in caf\u00e9s en poolhallen. Het wordt gespeeld op een tafel met zes pockets, waarin je de ballen moet potten. In plaats van drie ballen gebruik je een witte speelbal en vijftien gekleurde, genummerde ballen.<\/span><\/p>\n<p><span style=\"font-weight: 400;\">De meest gespeelde variant is <\/span><a href=\"https:\/\/www.poolenutrecht.nl\/spelregels-8-ball-pool\/\"><span style=\"font-weight: 400;\">8-ball<\/span><\/a><span style=\"font-weight: 400;\">, waarin je eerst alle ballen van jouw type (solids of stripes) moet wegspelen voordat je de zwarte 8-bal pot om te winnen. Een andere populaire variant is <\/span><a href=\"https:\/\/www.poolenutrecht.nl\/spelregels-9-ball-pool\/\"><span style=\"font-weight: 400;\">9-ball<\/span><\/a><span style=\"font-weight: 400;\">, waarbij je de ballen in oplopende volgorde moet potten. Pool vraagt niet alleen om precisie, maar ook om strategisch denken: waar laat je de witte bal liggen voor je volgende shot?<\/span><\/p>\n<h2><span style=\"font-weight: 400;\">De belangrijkste verschillen tussen poolen en biljart op een rijtje<\/span><\/h2>\n<p>&nbsp;<\/p>\n<div style=\"text-align: center; margin-left: -20px;\">\n<table>\n<tbody>\n<tr>\n<td style=\"text-align: left;\"><b>Kenmerk<\/b><\/td>\n<td style=\"text-align: left;\"><b>Biljart<\/b><\/td>\n<td style=\"text-align: left;\"><b>Poolen<\/b><\/td>\n<\/tr>\n<tr>\n<td style=\"text-align: left;\"><b>Tafel<\/b><\/td>\n<td style=\"text-align: left;\"><span style=\"font-weight: 400;\">Geen pockets<\/span><\/td>\n<td style=\"text-align: left;\"><span style=\"font-weight: 400;\">Zes pockets<\/span><\/td>\n<\/tr>\n<tr>\n<td style=\"text-align: left;\"><b>Aantal ballen<\/b><\/td>\n<td style=\"text-align: left;\"><span style=\"font-weight: 400;\">3 (twee witte, \u00e9\u00e9n rode)<\/span><\/td>\n<td style=\"text-align: left;\"><span style=\"font-weight: 400;\">15 gekleurde ballen + witte speelbal<\/span><\/td>\n<\/tr>\n<tr>\n<td style=\"text-align: left;\"><b>Doel van het spel<\/b><\/td>\n<td style=\"text-align: left;\"><span style=\"font-weight: 400;\">Caramboles maken door ballen te raken<\/span><\/td>\n<td style=\"text-align: left;\"><span style=\"font-weight: 400;\">Ballen in de pockets potten<\/span><\/td>\n<\/tr>\n<tr>\n<td style=\"text-align: left;\"><b>Populaire varianten<\/b><\/td>\n<td style=\"text-align: left;\"><span style=\"font-weight: 400;\">Carambolebiljart, driebanden, snooker<\/span><\/td>\n<td style=\"text-align: left;\"><span style=\"font-weight: 400;\">8-ball, 9-ball, straight pool<\/span><\/td>\n<\/tr>\n<tr>\n<td style=\"text-align: left;\"><b>Moeilijkheidsgraad<\/b><\/td>\n<td style=\"text-align: left;\"><span style=\"font-weight: 400;\">Zeer technisch, draait om precisie<\/span><\/td>\n<td style=\"text-align: left;\"><span style=\"font-weight: 400;\">Toegankelijker, maar vereist strategie<\/span><\/td>\n<\/tr>\n<\/tbody>\n<\/table>\n<\/div>\n<p>&nbsp;<\/p>\n<ul>\n<li style=\"font-weight: 400;\" aria-level=\"1\"><b>Tafel:<\/b><span style=\"font-weight: 400;\"> Bij biljart speel je op een tafel zonder pockets, terwijl je bij poolen altijd met een tafel met zes pockets speelt. Dit maakt poolen een stuk visueler, omdat je constant kijkt naar waar je de ballen in de pockets kunt potten.<\/span><\/li>\n<li style=\"font-weight: 400;\" aria-level=\"1\"><b>Aantal ballen:<\/b><span style=\"font-weight: 400;\"> In biljart gebruik je drie ballen (twee witte en \u00e9\u00e9n rode), terwijl poolen vijftien genummerde ballen en een witte speelbal heeft. Hierdoor heb je bij poolen veel meer keuzes in het spel.<\/span><\/li>\n<li style=\"font-weight: 400;\" aria-level=\"1\"><b>Spelregels:<\/b><span style=\"font-weight: 400;\"> De regels zijn ook heel verschillend. In biljart draait alles om het maken van caramboles (ballen raken), terwijl het bij poolen gaat om het potten van ballen in de pockets volgens de specifieke regels van de variant die je speelt.<\/span><\/li>\n<\/ul>\n<p>&nbsp;<\/p>\n<h2><span style=\"font-weight: 400;\">Kom poolen bij Hart van Utrecht!<\/span><\/h2>\n<p><span style=\"font-weight: 400;\">Zelf ervaren hoe leuk poolen is? Kom langs bij Hart van Utrecht! Of je nu een ervaren speler bent of gewoon een gezellig avondje uit wilt, onze tafels staan voor je klaar.<\/span><\/p>\n<p><span style=\"font-weight: 400;\">Bij ons geniet je niet alleen van een potje pool, maar ook van een gezellige sfeer, goede muziek en <\/span><a href=\"https:\/\/www.poolenutrecht.nl\/live-voetbal-kijken-utrecht\/\"><span style=\"font-weight: 400;\">live voetbal op groot scherm<\/span><\/a><span style=\"font-weight: 400;\">.<\/span><\/p>\n<p><span style=\"font-weight: 400;\">Wil je zeker zijn van een tafel? <a href=\"https:\/\/www.poolenutrecht.nl\/reserveren\/\">Reserveer snel via onze website<\/a> of bel ons op <\/span><a href=\"tel:(+31)030-2332315\"><span style=\"font-weight: 400;\">(+31) 030-2332315<\/span><\/a><span style=\"font-weight: 400;\">. We zien je graag snel voor een potje poolen!<\/span><\/p>\n<p>&nbsp;<\/p>\n","protected":false},"excerpt":{"rendered":"<p>Sorry, this entry is only available in Nederlands. [vc_row row_type=&#8221;row&#8221; use_row_as_full_screen_section=&#8221;yes&#8221; type=&#8221;grid&#8221; text_align=&#8221;left&#8221; css_animation=&#8221;&#8221;][vc_column css=&#8221;.vc_custom_1473859977054{padding-top: 10% !important; padding-bottom: 5% !important;}&#8221;][vc_column_text] Het verschil tussen poolen en biljart Veel mensen verwarren poolen en biljart, maar wist je dat het eigenlijk twee totaal verschillende spellen zijn? Het grootste&#8230;<\/p>\n","protected":false},"author":3,"featured_media":0,"parent":0,"menu_order":0,"comment_status":"closed","ping_status":"closed","template":"","meta":{"footnotes":""},"class_list":["post-2586","page","type-page","status-publish","hentry"],"yoast_head":"<!-- This site is optimized with the Yoast SEO plugin v27.4 - https:\/\/yoast.com\/product\/yoast-seo-wordpress\/ -->\n<title>Het verschil tussen poolen en biljarten | Poolcaf\u00e9 Hart van Utrecht<\/title>\n<meta name=\"description\" content=\"Wat is nou precies het verschil tussen poolen en biljarten? We leggen hier alles wat je moet weten over deze twee spellen!\" \/>\n<meta name=\"robots\" content=\"index, follow, max-snippet:-1, max-image-preview:large, max-video-preview:-1\" \/>\n<link rel=\"canonical\" href=\"https:\/\/www.poolenutrecht.nl\/verschil-poolen-en-biljarten\/\" \/>\n<meta property=\"og:locale\" content=\"en_US\" \/>\n<meta property=\"og:type\" content=\"article\" \/>\n<meta property=\"og:title\" content=\"Het verschil tussen poolen en biljarten | Poolcaf\u00e9 Hart van Utrecht\" \/>\n<meta property=\"og:description\" content=\"Wat is nou precies het verschil tussen poolen en biljarten? We leggen hier alles wat je moet weten over deze twee spellen!\" \/>\n<meta property=\"og:url\" content=\"https:\/\/www.poolenutrecht.nl\/verschil-poolen-en-biljarten\/\" \/>\n<meta property=\"og:site_name\" content=\"Poolcaf&eacute; Hart van Utrecht\" \/>\n<meta property=\"article:modified_time\" content=\"2025-02-26T03:46:42+00:00\" \/>\n<meta name=\"twitter:card\" content=\"summary_large_image\" \/>\n<meta name=\"twitter:label1\" content=\"Est. reading time\" \/>\n\t<meta name=\"twitter:data1\" content=\"3 minutes\" \/>\n<script type=\"application\/ld+json\" class=\"yoast-schema-graph\">{\"@context\":\"https:\\\/\\\/schema.org\",\"@graph\":[{\"@type\":\"WebPage\",\"@id\":\"https:\\\/\\\/www.poolenutrecht.nl\\\/verschil-poolen-en-biljarten\\\/\",\"url\":\"https:\\\/\\\/www.poolenutrecht.nl\\\/verschil-poolen-en-biljarten\\\/\",\"name\":\"Het verschil tussen poolen en biljarten | Poolcaf\u00e9 Hart van Utrecht\",\"isPartOf\":{\"@id\":\"https:\\\/\\\/www.poolenutrecht.nl\\\/#website\"},\"datePublished\":\"2025-02-26T03:45:42+00:00\",\"dateModified\":\"2025-02-26T03:46:42+00:00\",\"description\":\"Wat is nou precies het verschil tussen poolen en biljarten? We leggen hier alles wat je moet weten over deze twee spellen!\",\"breadcrumb\":{\"@id\":\"https:\\\/\\\/www.poolenutrecht.nl\\\/verschil-poolen-en-biljarten\\\/#breadcrumb\"},\"inLanguage\":\"en-US\",\"potentialAction\":[{\"@type\":\"ReadAction\",\"target\":[\"https:\\\/\\\/www.poolenutrecht.nl\\\/verschil-poolen-en-biljarten\\\/\"]}]},{\"@type\":\"BreadcrumbList\",\"@id\":\"https:\\\/\\\/www.poolenutrecht.nl\\\/verschil-poolen-en-biljarten\\\/#breadcrumb\",\"itemListElement\":[{\"@type\":\"ListItem\",\"position\":1,\"name\":\"Home\",\"item\":\"https:\\\/\\\/www.poolenutrecht.nl\\\/\"},{\"@type\":\"ListItem\",\"position\":2,\"name\":\"Verschil tussen poolen en biljart\"}]},{\"@type\":\"WebSite\",\"@id\":\"https:\\\/\\\/www.poolenutrecht.nl\\\/#website\",\"url\":\"https:\\\/\\\/www.poolenutrecht.nl\\\/\",\"name\":\"Poolcaf&eacute; Hart van Utrecht\",\"description\":\"Poolcentrum Utrecht\",\"potentialAction\":[{\"@type\":\"SearchAction\",\"target\":{\"@type\":\"EntryPoint\",\"urlTemplate\":\"https:\\\/\\\/www.poolenutrecht.nl\\\/?s={search_term_string}\"},\"query-input\":{\"@type\":\"PropertyValueSpecification\",\"valueRequired\":true,\"valueName\":\"search_term_string\"}}],\"inLanguage\":\"en-US\"}]}<\/script>\n<!-- \/ Yoast SEO plugin. -->","yoast_head_json":{"title":"Het verschil tussen poolen en biljarten | Poolcaf\u00e9 Hart van Utrecht","description":"Wat is nou precies het verschil tussen poolen en biljarten? We leggen hier alles wat je moet weten over deze twee spellen!","robots":{"index":"index","follow":"follow","max-snippet":"max-snippet:-1","max-image-preview":"max-image-preview:large","max-video-preview":"max-video-preview:-1"},"canonical":"https:\/\/www.poolenutrecht.nl\/verschil-poolen-en-biljarten\/","og_locale":"en_US","og_type":"article","og_title":"Het verschil tussen poolen en biljarten | Poolcaf\u00e9 Hart van Utrecht","og_description":"Wat is nou precies het verschil tussen poolen en biljarten? We leggen hier alles wat je moet weten over deze twee spellen!","og_url":"https:\/\/www.poolenutrecht.nl\/verschil-poolen-en-biljarten\/","og_site_name":"Poolcaf&eacute; Hart van Utrecht","article_modified_time":"2025-02-26T03:46:42+00:00","twitter_card":"summary_large_image","twitter_misc":{"Est. reading time":"3 minutes"},"schema":{"@context":"https:\/\/schema.org","@graph":[{"@type":"WebPage","@id":"https:\/\/www.poolenutrecht.nl\/verschil-poolen-en-biljarten\/","url":"https:\/\/www.poolenutrecht.nl\/verschil-poolen-en-biljarten\/","name":"Het verschil tussen poolen en biljarten | Poolcaf\u00e9 Hart van Utrecht","isPartOf":{"@id":"https:\/\/www.poolenutrecht.nl\/#website"},"datePublished":"2025-02-26T03:45:42+00:00","dateModified":"2025-02-26T03:46:42+00:00","description":"Wat is nou precies het verschil tussen poolen en biljarten? We leggen hier alles wat je moet weten over deze twee spellen!","breadcrumb":{"@id":"https:\/\/www.poolenutrecht.nl\/verschil-poolen-en-biljarten\/#breadcrumb"},"inLanguage":"en-US","potentialAction":[{"@type":"ReadAction","target":["https:\/\/www.poolenutrecht.nl\/verschil-poolen-en-biljarten\/"]}]},{"@type":"BreadcrumbList","@id":"https:\/\/www.poolenutrecht.nl\/verschil-poolen-en-biljarten\/#breadcrumb","itemListElement":[{"@type":"ListItem","position":1,"name":"Home","item":"https:\/\/www.poolenutrecht.nl\/"},{"@type":"ListItem","position":2,"name":"Verschil tussen poolen en biljart"}]},{"@type":"WebSite","@id":"https:\/\/www.poolenutrecht.nl\/#website","url":"https:\/\/www.poolenutrecht.nl\/","name":"Poolcaf&eacute; Hart van Utrecht","description":"Poolcentrum Utrecht","potentialAction":[{"@type":"SearchAction","target":{"@type":"EntryPoint","urlTemplate":"https:\/\/www.poolenutrecht.nl\/?s={search_term_string}"},"query-input":{"@type":"PropertyValueSpecification","valueRequired":true,"valueName":"search_term_string"}}],"inLanguage":"en-US"}]}},"post_mailing_queue_ids":[],"_links":{"self":[{"href":"https:\/\/www.poolenutrecht.nl\/en\/wp-json\/wp\/v2\/pages\/2586","targetHints":{"allow":["GET"]}}],"collection":[{"href":"https:\/\/www.poolenutrecht.nl\/en\/wp-json\/wp\/v2\/pages"}],"about":[{"href":"https:\/\/www.poolenutrecht.nl\/en\/wp-json\/wp\/v2\/types\/page"}],"author":[{"embeddable":true,"href":"https:\/\/www.poolenutrecht.nl\/en\/wp-json\/wp\/v2\/users\/3"}],"replies":[{"embeddable":true,"href":"https:\/\/www.poolenutrecht.nl\/en\/wp-json\/wp\/v2\/comments?post=2586"}],"version-history":[{"count":6,"href":"https:\/\/www.poolenutrecht.nl\/en\/wp-json\/wp\/v2\/pages\/2586\/revisions"}],"predecessor-version":[{"id":2592,"href":"https:\/\/www.poolenutrecht.nl\/en\/wp-json\/wp\/v2\/pages\/2586\/revisions\/2592"}],"wp:attachment":[{"href":"https:\/\/www.poolenutrecht.nl\/en\/wp-json\/wp\/v2\/media?parent=2586"}],"curies":[{"name":"wp","href":"https:\/\/api.w.org\/{rel}","templated":true}]}}