{"id":2550,"date":"2024-09-26T14:46:02","date_gmt":"2024-09-26T12:46:02","guid":{"rendered":"https:\/\/www.poolenutrecht.nl\/?page_id=2550"},"modified":"2024-12-30T06:31:47","modified_gmt":"2024-12-30T04:31:47","slug":"spelregels-8-ball-pool","status":"publish","type":"page","link":"https:\/\/www.poolenutrecht.nl\/en\/spelregels-8-ball-pool\/","title":{"rendered":"(Nederlands) Spelregels 8-ball pool"},"content":{"rendered":"<p class=\"qtranxs-available-languages-message qtranxs-available-languages-message-en\">Sorry, this entry is only available in <a href=\"https:\/\/www.poolenutrecht.nl\/nl\/wp-json\/wp\/v2\/pages\/2550\" class=\"qtranxs-available-language-link qtranxs-available-language-link-nl\" title=\"Nederlands\">Nederlands<\/a>.<\/p>\n<p>[vc_row row_type=&#8221;row&#8221; use_row_as_full_screen_section=&#8221;yes&#8221; type=&#8221;grid&#8221; text_align=&#8221;left&#8221; css_animation=&#8221;&#8221;][vc_column css=&#8221;.vc_custom_1473859977054{padding-top: 10% !important; padding-bottom: 5% !important;}&#8221;][vc_column_text]<\/p>\n<h1><span style=\"font-weight: 400;\">Spelregels 8-ball pool<\/span><\/h1>\n<p><span style=\"font-weight: 400;\">Bij 8-ball pool is het doel om als eerste alle ballen (volle of halve) in de pockets te stoten en daarna de 8-ball op correcte wijze te potten. De meeste bezoekers spelen 8-ball.\u00a0<\/span><\/p>\n<p>Lees hieronder alle regels van poolen. Bekijk ook onze pagina over de <a href=\"https:\/\/www.poolenutrecht.nl\/spelregels-9-ball-pool\/\">spelregels van 9-ball<\/a>.<\/p>\n<p>[\/vc_column_text][vc_separator type=&#8221;small&#8221; position=&#8221;left&#8221; color=&#8221;#000000&#8243; border_style=&#8221;solid&#8221; thickness=&#8221;2&#8243;]<\/p>\n<h2><span style=\"font-weight: 400;\">Voorbereiding en opzetten<\/span><\/h2>\n<ul>\n<li style=\"font-weight: 400;\" aria-level=\"1\"><b>Rack de ballen:<\/b><span style=\"font-weight: 400;\"> Plaats de 15 gekleurde ballen in een driehoekig rack. De 8-ball moet in het midden van de driehoek liggen. Zorg dat de ballen strak tegen elkaar aan liggen.<\/span><\/li>\n<li style=\"font-weight: 400;\" aria-level=\"1\"><b>Plaatsing:<\/b><span style=\"font-weight: 400;\"> De voorste bal van de driehoek moet op de voetspot van de tafel liggen.<\/span><\/li>\n<\/ul>\n<p>&nbsp;<\/p>\n<h2><span style=\"font-weight: 400;\">Breaken<\/span><\/h2>\n<ul>\n<li style=\"font-weight: 400;\" aria-level=\"1\"><b>Begin van het spel:<\/b><span style=\"font-weight: 400;\"> Een speler breekt de ballen met de keu-ball vanaf achter de hoofdlijn. Bij een correcte break moeten minstens vier ballen de banden raken of er moet een bal worden gepot.<\/span><\/li>\n<li style=\"font-weight: 400;\" aria-level=\"1\"><b>Volgende beurt:<\/b><span style=\"font-weight: 400;\"> Als de breaker een bal pot, blijft hij aan de beurt. Als er geen bal wordt gepot, wisselt de beurt naar de tegenstander.<\/span><\/li>\n<\/ul>\n<p>&nbsp;<\/p>\n<h2><span style=\"font-weight: 400;\">Groepkeuze (volle of halve ballen)<\/span><\/h2>\n<ul>\n<li aria-level=\"1\"><b>Eerste pot na de break:<\/b><span style=\"font-weight: 400;\"> De eerste bal die correct wordt gepot na de break bepaalt de groep van de speler (volle of halve). Vanaf dat moment moet de speler zijn eigen groep ballen potten.<\/span><\/li>\n<\/ul>\n<p>&nbsp;<\/p>\n<h2><span style=\"font-weight: 400;\">Stoten en beurten<\/span><\/h2>\n<ul>\n<li style=\"font-weight: 400;\" aria-level=\"1\"><b>Correcte stoot:<\/b><span style=\"font-weight: 400;\"> De speler moet altijd eerst een bal van zijn eigen groep raken met de keu-ball. Als hij dit correct doet en een bal pot, blijft hij aan de beurt.<\/span><\/li>\n<li style=\"font-weight: 400;\" aria-level=\"1\"><b>Wissel van beurt:<\/b><span style=\"font-weight: 400;\"> Als de speler geen bal pot of een fout maakt, gaat de beurt naar de tegenstander.<\/span><\/li>\n<\/ul>\n<p>&nbsp;<\/p>\n<h2><span style=\"font-weight: 400;\">Fouten bij 8-ball<\/span><\/h2>\n<ul>\n<li style=\"font-weight: 400;\" aria-level=\"1\"><b>Scratch:<\/b><span style=\"font-weight: 400;\"> Als de keu-ball in een pocket valt, mag de tegenstander de keu-ball overal op de tafel plaatsen.<\/span><\/li>\n<li style=\"font-weight: 400;\" aria-level=\"1\"><b>Verkeerde bal:<\/b><span style=\"font-weight: 400;\"> Als een speler een bal van de tegenstander raakt voordat hij zijn eigen bal raakt, is dit een fout.<\/span><\/li>\n<li style=\"font-weight: 400;\" aria-level=\"1\"><b>Geen band geraakt:<\/b><span style=\"font-weight: 400;\"> Als geen enkele bal een band raakt na contact met de keu-ball, is dit een fout.<\/span><\/li>\n<\/ul>\n<p>&nbsp;<\/p>\n<h2><span style=\"font-weight: 400;\">Winnen<\/span><\/h2>\n<ul>\n<li style=\"font-weight: 400;\" aria-level=\"1\"><b>Potten van de 8-ball:<\/b><span style=\"font-weight: 400;\"> Nadat een speler al zijn ballen heeft gepot, moet hij de 8-ball potten in een van tevoren aangekondigde pocket om te winnen.<\/span><\/li>\n<li style=\"font-weight: 400;\" aria-level=\"1\"><b>Verlies:<\/b><span style=\"font-weight: 400;\"> De speler verliest het spel als hij:<\/span>\n<ul>\n<li style=\"font-weight: 400;\" aria-level=\"2\"><span style=\"font-weight: 400;\">De 8-ball pot voordat hij al zijn eigen ballen heeft gepot.<\/span><\/li>\n<li style=\"font-weight: 400;\" aria-level=\"2\"><span style=\"font-weight: 400;\">De 8-ball pot in een andere pocket dan de aangekondigde.<\/span><\/li>\n<li style=\"font-weight: 400;\" aria-level=\"2\"><span style=\"font-weight: 400;\">Een fout maakt terwijl hij de 8-ball pot.<\/span><\/li>\n<\/ul>\n<\/li>\n<\/ul>\n<p>&nbsp;<\/p>\n<h2><span style=\"font-weight: 400;\">Speciale situaties<\/span><\/h2>\n<ul>\n<li style=\"font-weight: 400;\" aria-level=\"1\"><b>Bal van de tafel:<\/b><span style=\"font-weight: 400;\"> Als een bal van de tafel wordt gestoten, wordt deze opnieuw op de voetspot geplaatst. Dit geldt niet voor de 8-ball, wat verlies van het spel betekent.<\/span><\/li>\n<\/ul>\n<p>&nbsp;<\/p>\n<h2><span style=\"font-weight: 400;\">Reserveer nu je tafel<\/span><\/h2>\n<p><span style=\"font-weight: 400;\">Heb jij nu zin om te <a href=\"https:\/\/www.poolenutrecht.nl\/\">poolen in Utrecht<\/a>? <\/span><a href=\"https:\/\/www.poolenutrecht.nl\/reserveren\/\"><span style=\"font-weight: 400;\">Reserveer<\/span><\/a><span style=\"font-weight: 400;\"> dan nu een tafel bij Hart van Utrecht poolcaf\u00e9. Bij Poolcaf\u00e9 Hart van Utrecht bieden we een geweldige omgeving voor zowel beginners als ervaren spelers. Ons grand caf\u00e9 gedeelte biedt 60 zitplaatsen waar je kunt genieten van een hapje en een drankje voor of na het poolen. Met ons uitgebreide menu aan bieren, wijnen, cocktails, shotjes en hapjes, is er voor ieder wat wils. Dus waar wacht je nog op?<\/span><\/p>\n","protected":false},"excerpt":{"rendered":"<p>Sorry, this entry is only available in Nederlands. [vc_row row_type=&#8221;row&#8221; use_row_as_full_screen_section=&#8221;yes&#8221; type=&#8221;grid&#8221; text_align=&#8221;left&#8221; css_animation=&#8221;&#8221;][vc_column css=&#8221;.vc_custom_1473859977054{padding-top: 10% !important; padding-bottom: 5% !important;}&#8221;][vc_column_text] Spelregels 8-ball pool Bij 8-ball pool is het doel om als eerste alle ballen (volle of halve) in de pockets te stoten en daarna de&#8230;<\/p>\n","protected":false},"author":5,"featured_media":0,"parent":0,"menu_order":0,"comment_status":"closed","ping_status":"closed","template":"","meta":{"footnotes":""},"class_list":["post-2550","page","type-page","status-publish","hentry"],"yoast_head":"<!-- This site is optimized with the Yoast SEO plugin v27.4 - https:\/\/yoast.com\/product\/yoast-seo-wordpress\/ -->\n<title>Spelregels 8-ball bij het Poolen | Hart van Utrecht<\/title>\n<meta name=\"description\" content=\"Ga je poolen en ken je de regels van 8-ball nog niet? Wij leggen je alle spelregels uit van 8-ball. Lees snel verder!\" \/>\n<meta name=\"robots\" content=\"index, follow, max-snippet:-1, max-image-preview:large, max-video-preview:-1\" \/>\n<link rel=\"canonical\" href=\"https:\/\/www.poolenutrecht.nl\/spelregels-8-ball-pool\/\" \/>\n<meta property=\"og:locale\" content=\"en_US\" \/>\n<meta property=\"og:type\" content=\"article\" \/>\n<meta property=\"og:title\" content=\"Spelregels 8-ball bij het Poolen | Hart van Utrecht\" \/>\n<meta property=\"og:description\" content=\"Ga je poolen en ken je de regels van 8-ball nog niet? Wij leggen je alle spelregels uit van 8-ball. Lees snel verder!\" \/>\n<meta property=\"og:url\" content=\"https:\/\/www.poolenutrecht.nl\/spelregels-8-ball-pool\/\" \/>\n<meta property=\"og:site_name\" content=\"Poolcaf&eacute; Hart van Utrecht\" \/>\n<meta property=\"article:modified_time\" content=\"2024-12-30T04:31:47+00:00\" \/>\n<meta name=\"twitter:card\" content=\"summary_large_image\" \/>\n<meta name=\"twitter:label1\" content=\"Est. reading time\" \/>\n\t<meta name=\"twitter:data1\" content=\"3 minutes\" \/>\n<script type=\"application\/ld+json\" class=\"yoast-schema-graph\">{\"@context\":\"https:\\\/\\\/schema.org\",\"@graph\":[{\"@type\":\"WebPage\",\"@id\":\"https:\\\/\\\/www.poolenutrecht.nl\\\/spelregels-8-ball-pool\\\/\",\"url\":\"https:\\\/\\\/www.poolenutrecht.nl\\\/spelregels-8-ball-pool\\\/\",\"name\":\"Spelregels 8-ball bij het Poolen | Hart van Utrecht\",\"isPartOf\":{\"@id\":\"https:\\\/\\\/www.poolenutrecht.nl\\\/#website\"},\"datePublished\":\"2024-09-26T12:46:02+00:00\",\"dateModified\":\"2024-12-30T04:31:47+00:00\",\"description\":\"Ga je poolen en ken je de regels van 8-ball nog niet? Wij leggen je alle spelregels uit van 8-ball. Lees snel verder!\",\"breadcrumb\":{\"@id\":\"https:\\\/\\\/www.poolenutrecht.nl\\\/spelregels-8-ball-pool\\\/#breadcrumb\"},\"inLanguage\":\"en-US\",\"potentialAction\":[{\"@type\":\"ReadAction\",\"target\":[\"https:\\\/\\\/www.poolenutrecht.nl\\\/spelregels-8-ball-pool\\\/\"]}]},{\"@type\":\"BreadcrumbList\",\"@id\":\"https:\\\/\\\/www.poolenutrecht.nl\\\/spelregels-8-ball-pool\\\/#breadcrumb\",\"itemListElement\":[{\"@type\":\"ListItem\",\"position\":1,\"name\":\"Home\",\"item\":\"https:\\\/\\\/www.poolenutrecht.nl\\\/\"},{\"@type\":\"ListItem\",\"position\":2,\"name\":\"Spelregels 8-ball pool\"}]},{\"@type\":\"WebSite\",\"@id\":\"https:\\\/\\\/www.poolenutrecht.nl\\\/#website\",\"url\":\"https:\\\/\\\/www.poolenutrecht.nl\\\/\",\"name\":\"Poolcaf&eacute; Hart van Utrecht\",\"description\":\"Poolcentrum Utrecht\",\"potentialAction\":[{\"@type\":\"SearchAction\",\"target\":{\"@type\":\"EntryPoint\",\"urlTemplate\":\"https:\\\/\\\/www.poolenutrecht.nl\\\/?s={search_term_string}\"},\"query-input\":{\"@type\":\"PropertyValueSpecification\",\"valueRequired\":true,\"valueName\":\"search_term_string\"}}],\"inLanguage\":\"en-US\"}]}<\/script>\n<!-- \/ Yoast SEO plugin. -->","yoast_head_json":{"title":"Spelregels 8-ball bij het Poolen | Hart van Utrecht","description":"Ga je poolen en ken je de regels van 8-ball nog niet? Wij leggen je alle spelregels uit van 8-ball. Lees snel verder!","robots":{"index":"index","follow":"follow","max-snippet":"max-snippet:-1","max-image-preview":"max-image-preview:large","max-video-preview":"max-video-preview:-1"},"canonical":"https:\/\/www.poolenutrecht.nl\/spelregels-8-ball-pool\/","og_locale":"en_US","og_type":"article","og_title":"Spelregels 8-ball bij het Poolen | Hart van Utrecht","og_description":"Ga je poolen en ken je de regels van 8-ball nog niet? Wij leggen je alle spelregels uit van 8-ball. Lees snel verder!","og_url":"https:\/\/www.poolenutrecht.nl\/spelregels-8-ball-pool\/","og_site_name":"Poolcaf&eacute; Hart van Utrecht","article_modified_time":"2024-12-30T04:31:47+00:00","twitter_card":"summary_large_image","twitter_misc":{"Est. reading time":"3 minutes"},"schema":{"@context":"https:\/\/schema.org","@graph":[{"@type":"WebPage","@id":"https:\/\/www.poolenutrecht.nl\/spelregels-8-ball-pool\/","url":"https:\/\/www.poolenutrecht.nl\/spelregels-8-ball-pool\/","name":"Spelregels 8-ball bij het Poolen | Hart van Utrecht","isPartOf":{"@id":"https:\/\/www.poolenutrecht.nl\/#website"},"datePublished":"2024-09-26T12:46:02+00:00","dateModified":"2024-12-30T04:31:47+00:00","description":"Ga je poolen en ken je de regels van 8-ball nog niet? Wij leggen je alle spelregels uit van 8-ball. Lees snel verder!","breadcrumb":{"@id":"https:\/\/www.poolenutrecht.nl\/spelregels-8-ball-pool\/#breadcrumb"},"inLanguage":"en-US","potentialAction":[{"@type":"ReadAction","target":["https:\/\/www.poolenutrecht.nl\/spelregels-8-ball-pool\/"]}]},{"@type":"BreadcrumbList","@id":"https:\/\/www.poolenutrecht.nl\/spelregels-8-ball-pool\/#breadcrumb","itemListElement":[{"@type":"ListItem","position":1,"name":"Home","item":"https:\/\/www.poolenutrecht.nl\/"},{"@type":"ListItem","position":2,"name":"Spelregels 8-ball pool"}]},{"@type":"WebSite","@id":"https:\/\/www.poolenutrecht.nl\/#website","url":"https:\/\/www.poolenutrecht.nl\/","name":"Poolcaf&eacute; Hart van Utrecht","description":"Poolcentrum Utrecht","potentialAction":[{"@type":"SearchAction","target":{"@type":"EntryPoint","urlTemplate":"https:\/\/www.poolenutrecht.nl\/?s={search_term_string}"},"query-input":{"@type":"PropertyValueSpecification","valueRequired":true,"valueName":"search_term_string"}}],"inLanguage":"en-US"}]}},"post_mailing_queue_ids":[],"_links":{"self":[{"href":"https:\/\/www.poolenutrecht.nl\/en\/wp-json\/wp\/v2\/pages\/2550","targetHints":{"allow":["GET"]}}],"collection":[{"href":"https:\/\/www.poolenutrecht.nl\/en\/wp-json\/wp\/v2\/pages"}],"about":[{"href":"https:\/\/www.poolenutrecht.nl\/en\/wp-json\/wp\/v2\/types\/page"}],"author":[{"embeddable":true,"href":"https:\/\/www.poolenutrecht.nl\/en\/wp-json\/wp\/v2\/users\/5"}],"replies":[{"embeddable":true,"href":"https:\/\/www.poolenutrecht.nl\/en\/wp-json\/wp\/v2\/comments?post=2550"}],"version-history":[{"count":3,"href":"https:\/\/www.poolenutrecht.nl\/en\/wp-json\/wp\/v2\/pages\/2550\/revisions"}],"predecessor-version":[{"id":2567,"href":"https:\/\/www.poolenutrecht.nl\/en\/wp-json\/wp\/v2\/pages\/2550\/revisions\/2567"}],"wp:attachment":[{"href":"https:\/\/www.poolenutrecht.nl\/en\/wp-json\/wp\/v2\/media?parent=2550"}],"curies":[{"name":"wp","href":"https:\/\/api.w.org\/{rel}","templated":true}]}}