{"id":2271,"date":"2022-12-13T13:14:31","date_gmt":"2022-12-13T13:14:31","guid":{"rendered":"https:\/\/www.poolenutrecht.nl\/?page_id=2271"},"modified":"2026-02-24T14:45:54","modified_gmt":"2026-02-24T12:45:54","slug":"formule-1-kijken-utrecht","status":"publish","type":"page","link":"https:\/\/www.poolenutrecht.nl\/en\/formule-1-kijken-utrecht\/","title":{"rendered":"(Nederlands) Formule 1 kijken in Utrecht"},"content":{"rendered":"<p class=\"qtranxs-available-languages-message qtranxs-available-languages-message-en\">Sorry, this entry is only available in <a href=\"https:\/\/www.poolenutrecht.nl\/nl\/wp-json\/wp\/v2\/pages\/2271\" class=\"qtranxs-available-language-link qtranxs-available-language-link-nl\" title=\"Nederlands\">Nederlands<\/a>.<\/p>\n<p>[vc_row row_type=&#8221;row&#8221; use_row_as_full_screen_section=&#8221;yes&#8221; type=&#8221;grid&#8221; text_align=&#8221;left&#8221; css_animation=&#8221;&#8221;][vc_column css=&#8221;.vc_custom_1473859977054{padding-top: 10% !important; padding-bottom: 5% !important;}&#8221;][vc_column_text]<\/p>\n<h1>Formule 1 kijken in Utrecht<\/h1>\n<p>Ben jij ook zo\u2019n fan van Formule 1? Dat komt goed uit, wij ook! We zenden alle F1-wedstrijden live uit op onze full HD-schermen. Van de vrije trainingen tot aan de wedstrijd zelf, je mist niks bij<strong> <a href=\"https:\/\/www.poolenutrecht.nl\/live-sport-kijken\/\">sportsbar Hart van Utrecht<\/a>.\u00a0<\/strong>Kom je snel Formule 1 kijken bij ons in Utrecht?<\/p>\n<p>[\/vc_column_text][vc_separator type=&#8221;small&#8221; position=&#8221;left&#8221; color=&#8221;#000000&#8243; border_style=&#8221;solid&#8221; thickness=&#8221;2&#8243;]<\/p>\n<h2>Kom Formule 1 kijken live bij Hart van Utrecht<\/h2>\n<p>Als Nederlandse Formule 1-fan zijn we uiteraard trots op \u2018onze\u2019 Max. Verstappen werd al wereldkampioen in 2021, 2022, 2023 en 2024. In 2025 scheelde het slechts 2 punten. In 2026 zijn er weer nieuwe kansen. Mis niks en bekijk alle wedstrijden onder het genot van een hapje en een drankje bij Hart van Utrecht.<\/p>\n<p>&nbsp;<\/p>\n<h2>F1 kijken in Utrecht<\/h2>\n<p>We zenden alle Grand Prix\u2019 live uit. Kijk je ook graag Formule 1 samen met andere F1-supporters? En zoek je de beste plek om Formule 1 te kijken in Utrecht en omgeving? F1 kijken bij Hart van Utrecht is \u00e9\u00e9n en al gezelligheid. Juich mee voor een goede inhaalactie of baal samen van een touch\u00e9.<\/p>\n<p>&nbsp;<\/p>\n<h2>F1-kalender 2026<\/h2>\n<p>Bekijk hieronder de F1-kalender van 2026:<\/p>\n<div style=\"text-align: center; margin-left: -20px;\">\n<table class=\"normaltable\" style=\"margin: auto;\">\n<tbody>\n<tr>\n<td width=\"151\"><strong>#<\/strong><\/td>\n<td width=\"151\"><strong>Datum<\/strong><\/td>\n<td width=\"151\"><strong>Grand Prix<\/strong><\/td>\n<td width=\"151\"><strong>Locatie<\/strong><\/td>\n<\/tr>\n<tr>\n<td width=\"151\">1<\/td>\n<td width=\"151\">8 maart<\/td>\n<td width=\"151\">GP Australi\u00eb<\/td>\n<td width=\"151\">Melbourne<\/td>\n<\/tr>\n<tr>\n<td width=\"151\">2<\/td>\n<td width=\"151\">15 maart<\/td>\n<td width=\"151\">GP China<\/td>\n<td width=\"151\">Shanghai (Sprint)<\/td>\n<\/tr>\n<tr>\n<td width=\"151\">3<\/td>\n<td width=\"151\">29 maart<\/td>\n<td width=\"151\">GP Japan<\/td>\n<td width=\"151\">Suzuka<\/td>\n<\/tr>\n<tr>\n<td width=\"151\">4<\/td>\n<td width=\"151\">12 april<\/td>\n<td width=\"151\">GP Bahrein<\/td>\n<td width=\"151\">Sakhir<\/td>\n<\/tr>\n<tr>\n<td width=\"151\">5<\/td>\n<td width=\"151\">19 april<\/td>\n<td width=\"151\">GP Saoedi-Arabi\u00eb<\/td>\n<td width=\"151\">Jeddah<\/td>\n<\/tr>\n<tr>\n<td width=\"151\">6<\/td>\n<td width=\"151\">3 mei<\/td>\n<td width=\"151\">GP Verenigde Staten<\/td>\n<td width=\"151\">Miami (Sprint)<\/td>\n<\/tr>\n<tr>\n<td width=\"151\">7<\/td>\n<td width=\"151\">24 mei<\/td>\n<td width=\"151\">GP Canada<\/td>\n<td width=\"151\">Montreal (Sprint)<\/td>\n<\/tr>\n<tr>\n<td width=\"151\">8<\/td>\n<td width=\"151\">7 juni<\/td>\n<td width=\"151\">GP Monaco<\/td>\n<td width=\"151\">Monaco<\/td>\n<\/tr>\n<tr>\n<td width=\"151\">9<\/td>\n<td width=\"151\">14 juni<\/td>\n<td width=\"151\">GP Spanje<\/td>\n<td width=\"151\">Barcelona-Catalunya<\/td>\n<\/tr>\n<tr>\n<td width=\"151\">10<\/td>\n<td width=\"151\">28 juni<\/td>\n<td width=\"151\">GP Oostenrijk<\/td>\n<td width=\"151\">Spielberg<\/td>\n<\/tr>\n<tr>\n<td width=\"151\">11<\/td>\n<td width=\"151\">5 juli<\/td>\n<td width=\"151\">GP Groot-Brittanni\u00eb<\/td>\n<td width=\"151\">Silverstone (Sprint)<\/td>\n<\/tr>\n<tr>\n<td width=\"151\">12<\/td>\n<td width=\"151\">19 juli<\/td>\n<td width=\"151\">GP Belgi\u00eb<\/td>\n<td width=\"151\">Spa-Francorchamps<\/td>\n<\/tr>\n<tr>\n<td width=\"151\">13<\/td>\n<td width=\"151\">26 juli<\/td>\n<td width=\"151\">GP Hongarije<\/td>\n<td width=\"151\">Boedapest<\/td>\n<\/tr>\n<tr>\n<td width=\"151\">14<\/td>\n<td width=\"151\">23 augustus<\/td>\n<td width=\"151\">GP Nederland<\/td>\n<td width=\"151\">Zandvoort (Sprint)<\/td>\n<\/tr>\n<tr>\n<td width=\"151\">15<\/td>\n<td width=\"151\">6 september<\/td>\n<td width=\"151\">GP Itali\u00eb<\/td>\n<td width=\"151\">Monza<\/td>\n<\/tr>\n<tr>\n<td width=\"151\">16<\/td>\n<td width=\"151\">13 september<\/td>\n<td width=\"151\">GP Spanje<\/td>\n<td width=\"151\">Madrid*<\/td>\n<\/tr>\n<tr>\n<td width=\"151\">17<\/td>\n<td width=\"151\">26 september<\/td>\n<td width=\"151\">GP Azerbeidzjan<\/td>\n<td width=\"151\">Baku<\/td>\n<\/tr>\n<tr>\n<td width=\"151\">18<\/td>\n<td width=\"151\">11 oktober<\/td>\n<td width=\"151\">GP Singapore<\/td>\n<td width=\"151\">Singapore (Sprint)<\/td>\n<\/tr>\n<tr>\n<td width=\"151\">19<\/td>\n<td width=\"151\">25 oktober<\/td>\n<td width=\"151\">GP Verenigde Staten<\/td>\n<td width=\"151\">Austin<\/td>\n<\/tr>\n<tr>\n<td width=\"151\">20<\/td>\n<td width=\"151\">1 november<\/td>\n<td width=\"151\">GP Mexico<\/td>\n<td width=\"151\">Mexico City<\/td>\n<\/tr>\n<tr>\n<td width=\"151\">21<\/td>\n<td width=\"151\">8 november<\/td>\n<td width=\"151\">GP Brazili\u00eb<\/td>\n<td width=\"151\">Sao Paulo<\/td>\n<\/tr>\n<tr>\n<td width=\"151\">22<\/td>\n<td width=\"151\">21 november<\/td>\n<td width=\"151\">GP Verenigde Staten<\/td>\n<td width=\"151\">Las Vegas<\/td>\n<\/tr>\n<tr>\n<td width=\"151\">23<\/td>\n<td width=\"151\">29 november<\/td>\n<td width=\"151\">GP Qatar<\/td>\n<td width=\"151\">Lusail<\/td>\n<\/tr>\n<tr>\n<td width=\"151\">24<\/td>\n<td width=\"151\">6 december<\/td>\n<td width=\"151\">GP Abu Dhabi<\/td>\n<td width=\"151\">Yas Marina<\/td>\n<\/tr>\n<\/tbody>\n<\/table>\n<\/div>\n<p>&nbsp;<\/p>\n<p>Het Formule 1-seizoen van 2026 belooft opnieuw een volle rit te worden, met 24 Grands Prix verspreid over vijf continenten van begin maart tot begin december. Het seizoen start in Australi\u00eb (Melbourne) van 6 \u2013 8 maart en sluit af met de GP van Abu Dhabi van 4 \u2013 6 december. Naast bekende circuits als Bahrein, Spanje, Silverstone en Zandvoort krijgt het seizoen ook een extra race in Madrid op het nieuwe Madring-circuit.<\/p>\n<p>&nbsp;<\/p>\n<p>In 2026 staan er weer zes sprintweekends op het programma. De sprintraces worden gereden op circuits zoals Shanghai, Miami, Montreal, Silverstone. N\u00f3g meer spektakel dus.<\/p>\n<p>&nbsp;<\/p>\n<p>Bij ons poolcaf\u00e9 kijk je iedere race live op groot scherm, met een lekker drankje in je hand en de gezelligheid van je vrienden om je heen. Poolen, een hapje en dan met z\u2019n allen de spanning van de Formule 1 beleven \u2013 wat wil je nog meer?<\/p>\n<p>&nbsp;<\/p>\n<p>Houd onze socialmediakanalen via <a href=\"https:\/\/www.facebook.com\/poolcafehartvanutrecht\/\">Facebook<\/a> en <a href=\"https:\/\/www.instagram.com\/hartvanutrecht\/\">Instagram<\/a> in de gaten voor de tijden.[\/vc_column][\/vc_row]<\/p>\n<p>&nbsp;<\/p>\n<p>&nbsp;<\/p>\n","protected":false},"excerpt":{"rendered":"<p>Sorry, this entry is only available in Nederlands. [vc_row row_type=&#8221;row&#8221; use_row_as_full_screen_section=&#8221;yes&#8221; type=&#8221;grid&#8221; text_align=&#8221;left&#8221; css_animation=&#8221;&#8221;][vc_column css=&#8221;.vc_custom_1473859977054{padding-top: 10% !important; padding-bottom: 5% !important;}&#8221;][vc_column_text] Formule 1 kijken in Utrecht Ben jij ook zo\u2019n fan van Formule 1? Dat komt goed uit, wij ook! We zenden alle F1-wedstrijden live uit&#8230;<\/p>\n","protected":false},"author":3,"featured_media":0,"parent":0,"menu_order":0,"comment_status":"closed","ping_status":"closed","template":"","meta":{"footnotes":""},"class_list":["post-2271","page","type-page","status-publish","hentry"],"yoast_head":"<!-- This site is optimized with the Yoast SEO plugin v27.4 - https:\/\/yoast.com\/product\/yoast-seo-wordpress\/ -->\n<title>Formule 1 kijken in Utrecht | F1 live in Utrecht | Poolcaf&eacute; Hart van Utrecht<\/title>\n<meta name=\"description\" content=\"Formule 1 kijken in Utrecht? Wij zenden alle F1-wedstrijden live uit op onze full-HD schermen. Bekijk op deze pagina de F1-kalender 2025.\" \/>\n<meta name=\"robots\" content=\"index, follow, max-snippet:-1, max-image-preview:large, max-video-preview:-1\" \/>\n<link rel=\"canonical\" href=\"https:\/\/www.poolenutrecht.nl\/formule-1-kijken-utrecht\/\" \/>\n<meta property=\"og:locale\" content=\"en_US\" \/>\n<meta property=\"og:type\" content=\"article\" \/>\n<meta property=\"og:title\" content=\"Formule 1 kijken in Utrecht | F1 live in Utrecht | Poolcaf&eacute; Hart van Utrecht\" \/>\n<meta property=\"og:description\" content=\"Formule 1 kijken in Utrecht? Wij zenden alle F1-wedstrijden live uit op onze full-HD schermen. Bekijk op deze pagina de F1-kalender 2025.\" \/>\n<meta property=\"og:url\" content=\"https:\/\/www.poolenutrecht.nl\/formule-1-kijken-utrecht\/\" \/>\n<meta property=\"og:site_name\" content=\"Poolcaf&eacute; Hart van Utrecht\" \/>\n<meta property=\"article:modified_time\" content=\"2026-02-24T12:45:54+00:00\" \/>\n<meta name=\"twitter:card\" content=\"summary_large_image\" \/>\n<meta name=\"twitter:label1\" content=\"Est. reading time\" \/>\n\t<meta name=\"twitter:data1\" content=\"3 minutes\" \/>\n<script type=\"application\/ld+json\" class=\"yoast-schema-graph\">{\"@context\":\"https:\\\/\\\/schema.org\",\"@graph\":[{\"@type\":\"WebPage\",\"@id\":\"https:\\\/\\\/www.poolenutrecht.nl\\\/formule-1-kijken-utrecht\\\/\",\"url\":\"https:\\\/\\\/www.poolenutrecht.nl\\\/formule-1-kijken-utrecht\\\/\",\"name\":\"Formule 1 kijken in Utrecht | F1 live in Utrecht | Poolcaf&eacute; Hart van Utrecht\",\"isPartOf\":{\"@id\":\"https:\\\/\\\/www.poolenutrecht.nl\\\/#website\"},\"datePublished\":\"2022-12-13T13:14:31+00:00\",\"dateModified\":\"2026-02-24T12:45:54+00:00\",\"description\":\"Formule 1 kijken in Utrecht? Wij zenden alle F1-wedstrijden live uit op onze full-HD schermen. Bekijk op deze pagina de F1-kalender 2025.\",\"breadcrumb\":{\"@id\":\"https:\\\/\\\/www.poolenutrecht.nl\\\/formule-1-kijken-utrecht\\\/#breadcrumb\"},\"inLanguage\":\"en-US\",\"potentialAction\":[{\"@type\":\"ReadAction\",\"target\":[\"https:\\\/\\\/www.poolenutrecht.nl\\\/formule-1-kijken-utrecht\\\/\"]}]},{\"@type\":\"BreadcrumbList\",\"@id\":\"https:\\\/\\\/www.poolenutrecht.nl\\\/formule-1-kijken-utrecht\\\/#breadcrumb\",\"itemListElement\":[{\"@type\":\"ListItem\",\"position\":1,\"name\":\"Home\",\"item\":\"https:\\\/\\\/www.poolenutrecht.nl\\\/\"},{\"@type\":\"ListItem\",\"position\":2,\"name\":\"Formule 1 kijken in Utrecht\"}]},{\"@type\":\"WebSite\",\"@id\":\"https:\\\/\\\/www.poolenutrecht.nl\\\/#website\",\"url\":\"https:\\\/\\\/www.poolenutrecht.nl\\\/\",\"name\":\"Poolcaf&eacute; Hart van Utrecht\",\"description\":\"Poolcentrum Utrecht\",\"potentialAction\":[{\"@type\":\"SearchAction\",\"target\":{\"@type\":\"EntryPoint\",\"urlTemplate\":\"https:\\\/\\\/www.poolenutrecht.nl\\\/?s={search_term_string}\"},\"query-input\":{\"@type\":\"PropertyValueSpecification\",\"valueRequired\":true,\"valueName\":\"search_term_string\"}}],\"inLanguage\":\"en-US\"}]}<\/script>\n<!-- \/ Yoast SEO plugin. -->","yoast_head_json":{"title":"Formule 1 kijken in Utrecht | F1 live in Utrecht | Poolcaf&eacute; Hart van Utrecht","description":"Formule 1 kijken in Utrecht? Wij zenden alle F1-wedstrijden live uit op onze full-HD schermen. Bekijk op deze pagina de F1-kalender 2025.","robots":{"index":"index","follow":"follow","max-snippet":"max-snippet:-1","max-image-preview":"max-image-preview:large","max-video-preview":"max-video-preview:-1"},"canonical":"https:\/\/www.poolenutrecht.nl\/formule-1-kijken-utrecht\/","og_locale":"en_US","og_type":"article","og_title":"Formule 1 kijken in Utrecht | F1 live in Utrecht | Poolcaf&eacute; Hart van Utrecht","og_description":"Formule 1 kijken in Utrecht? Wij zenden alle F1-wedstrijden live uit op onze full-HD schermen. Bekijk op deze pagina de F1-kalender 2025.","og_url":"https:\/\/www.poolenutrecht.nl\/formule-1-kijken-utrecht\/","og_site_name":"Poolcaf&eacute; Hart van Utrecht","article_modified_time":"2026-02-24T12:45:54+00:00","twitter_card":"summary_large_image","twitter_misc":{"Est. reading time":"3 minutes"},"schema":{"@context":"https:\/\/schema.org","@graph":[{"@type":"WebPage","@id":"https:\/\/www.poolenutrecht.nl\/formule-1-kijken-utrecht\/","url":"https:\/\/www.poolenutrecht.nl\/formule-1-kijken-utrecht\/","name":"Formule 1 kijken in Utrecht | F1 live in Utrecht | Poolcaf&eacute; Hart van Utrecht","isPartOf":{"@id":"https:\/\/www.poolenutrecht.nl\/#website"},"datePublished":"2022-12-13T13:14:31+00:00","dateModified":"2026-02-24T12:45:54+00:00","description":"Formule 1 kijken in Utrecht? Wij zenden alle F1-wedstrijden live uit op onze full-HD schermen. Bekijk op deze pagina de F1-kalender 2025.","breadcrumb":{"@id":"https:\/\/www.poolenutrecht.nl\/formule-1-kijken-utrecht\/#breadcrumb"},"inLanguage":"en-US","potentialAction":[{"@type":"ReadAction","target":["https:\/\/www.poolenutrecht.nl\/formule-1-kijken-utrecht\/"]}]},{"@type":"BreadcrumbList","@id":"https:\/\/www.poolenutrecht.nl\/formule-1-kijken-utrecht\/#breadcrumb","itemListElement":[{"@type":"ListItem","position":1,"name":"Home","item":"https:\/\/www.poolenutrecht.nl\/"},{"@type":"ListItem","position":2,"name":"Formule 1 kijken in Utrecht"}]},{"@type":"WebSite","@id":"https:\/\/www.poolenutrecht.nl\/#website","url":"https:\/\/www.poolenutrecht.nl\/","name":"Poolcaf&eacute; Hart van Utrecht","description":"Poolcentrum Utrecht","potentialAction":[{"@type":"SearchAction","target":{"@type":"EntryPoint","urlTemplate":"https:\/\/www.poolenutrecht.nl\/?s={search_term_string}"},"query-input":{"@type":"PropertyValueSpecification","valueRequired":true,"valueName":"search_term_string"}}],"inLanguage":"en-US"}]}},"post_mailing_queue_ids":[],"_links":{"self":[{"href":"https:\/\/www.poolenutrecht.nl\/en\/wp-json\/wp\/v2\/pages\/2271","targetHints":{"allow":["GET"]}}],"collection":[{"href":"https:\/\/www.poolenutrecht.nl\/en\/wp-json\/wp\/v2\/pages"}],"about":[{"href":"https:\/\/www.poolenutrecht.nl\/en\/wp-json\/wp\/v2\/types\/page"}],"author":[{"embeddable":true,"href":"https:\/\/www.poolenutrecht.nl\/en\/wp-json\/wp\/v2\/users\/3"}],"replies":[{"embeddable":true,"href":"https:\/\/www.poolenutrecht.nl\/en\/wp-json\/wp\/v2\/comments?post=2271"}],"version-history":[{"count":28,"href":"https:\/\/www.poolenutrecht.nl\/en\/wp-json\/wp\/v2\/pages\/2271\/revisions"}],"predecessor-version":[{"id":2767,"href":"https:\/\/www.poolenutrecht.nl\/en\/wp-json\/wp\/v2\/pages\/2271\/revisions\/2767"}],"wp:attachment":[{"href":"https:\/\/www.poolenutrecht.nl\/en\/wp-json\/wp\/v2\/media?parent=2271"}],"curies":[{"name":"wp","href":"https:\/\/api.w.org\/{rel}","templated":true}]}}